{"id":5098,"date":"2024-06-25T14:29:42","date_gmt":"2024-06-25T13:29:42","guid":{"rendered":"https:\/\/natouraladventure.com\/?post_type=product&#038;p=5098"},"modified":"2024-07-05T12:27:16","modified_gmt":"2024-07-05T11:27:16","slug":"volcan-montana-de-la-arena","status":"publish","type":"product","link":"https:\/\/natouraladventure.com\/it\/producto\/volcan-montana-de-la-arena\/","title":{"rendered":"Volc\u00e1n Monta\u00f1a de la Arena"},"content":{"rendered":"<div class=\"avatar-gutter ng-tns-c1172416096-20 ng-star-inserted\">\n<div class=\"resize-observable\"><strong style=\"font-family: -apple-system, BlinkMacSystemFont, 'Segoe UI', Roboto, Oxygen-Sans, Ubuntu, Cantarell, 'Helvetica Neue', sans-serif;\">\u00a1Ad\u00e9ntrate en la fascinante Monta\u00f1a de la Arena!<\/strong><\/div>\n<\/div>\n<div class=\"response-container-content ng-tns-c1172416096-20\">\n<div class=\"response-content ng-tns-c1172416096-20\">\n<div class=\"markdown markdown-main-panel\" dir=\"ltr\">\n<p data-sourcepos=\"3:1-3:82\">Emb\u00e1rcate en esta ruta de senderismo sin igual, recorriendo el sendero que rodea la Monta\u00f1a de la Arena en Fuerteventura, un <strong>tesoro natural<\/strong> que te sorprender\u00e1 a cada paso.<\/p>\n<p data-sourcepos=\"5:1-5:42\">Comenzaremos<strong> tu aventura <\/strong>recogi\u00e9ndote en tu alojamiento a la hora acordada para dirigirnos hacia el norte de la isla, donde se encuentra el punto de partida de esta <strong>ruta fascinante<\/strong>.<\/p>\n<p data-sourcepos=\"7:1-7:131\">Iniciaremos la caminata en una<strong> zona de molinos<\/strong>, vestigios del pasado agr\u00edcola de la isla. Desde all\u00ed, nos adentraremos en un <strong>paisaje lunar<\/strong> compuesto por <strong>malpa\u00eds<\/strong>, un extenso manto de lava petrificada adornado por cr\u00e1teres y salideros de lava.<\/p>\n<p data-sourcepos=\"9:1-9:406\">Con menos de<strong> 10.000 a\u00f1os de antig\u00fcedad<\/strong>, este cono volc\u00e1nico, <strong>el m\u00e1s joven de la isla<\/strong>, se erige majestuoso ante nosotros, invit\u00e1ndonos a <strong>descubrir sus secretos<\/strong>. La zona no solo destaca por su <strong>impresionante belleza natural<\/strong>, sino tambi\u00e9n por su <strong>enorme valor arqueol\u00f3gico<\/strong>. Numerosas cuevas fueron habitadas en \u00e9pocas prehisp\u00e1nicas, albergando <strong>restos y vestigios de culturas ancestrales<\/strong>.<\/p>\n<p data-sourcepos=\"11:1-11:300\">A medida que avanzamos, los campos delimitados por <strong>muros de piedra seca<\/strong> se extienden a nuestro alrededor, ofreci\u00e9ndonos <strong>vistas panor\u00e1micas<\/strong> que te dejar\u00e1n sin palabras. Observaremos la isla desde una perspectiva \u00fanica, apreciando la <strong>armon\u00eda entre la naturaleza y la intervenci\u00f3n humana<\/strong>.<\/p>\n<p data-sourcepos=\"13:1-13:316\">Esta ruta ofrece una <strong>experiencia singular<\/strong> para aquellos que disfrutan de la naturaleza y el senderismo, siendo una oportunidad para <strong>conectarse con la esencia<\/strong> m\u00e1s aut\u00e9ntica de Fuerteventura..<\/p>\n<p data-sourcepos=\"17:1-17:18\">\n<\/div>\n<\/div>\n<\/div>\n<p>&nbsp;<\/p>\n<p>&nbsp;<\/p>\n","protected":false},"excerpt":{"rendered":"<p><strong>Ad\u00e9ntrate en los paisajes de Fuerteventura. \u00a1Descubre la ruta de senderismo de la Monta\u00f1a de la Arena!<\/strong><\/p>\n","protected":false},"featured_media":5108,"template":"","meta":{"_acf_changed":false},"product_brand":[],"product_cat":[24],"product_tag":[32],"class_list":{"0":"post-5098","1":"product","2":"type-product","3":"status-publish","4":"has-post-thumbnail","6":"product_cat-senderismo","7":"product_tag-facil","9":"first","10":"instock","11":"sold-individually","12":"shipping-taxable","13":"purchasable","14":"product-type-booking"},"acf":[],"_links":{"self":[{"href":"https:\/\/natouraladventure.com\/it\/wp-json\/wp\/v2\/product\/5098","targetHints":{"allow":["GET"]}}],"collection":[{"href":"https:\/\/natouraladventure.com\/it\/wp-json\/wp\/v2\/product"}],"about":[{"href":"https:\/\/natouraladventure.com\/it\/wp-json\/wp\/v2\/types\/product"}],"wp:featuredmedia":[{"embeddable":true,"href":"https:\/\/natouraladventure.com\/it\/wp-json\/wp\/v2\/media\/5108"}],"wp:attachment":[{"href":"https:\/\/natouraladventure.com\/it\/wp-json\/wp\/v2\/media?parent=5098"}],"wp:term":[{"taxonomy":"product_brand","embeddable":true,"href":"https:\/\/natouraladventure.com\/it\/wp-json\/wp\/v2\/product_brand?post=5098"},{"taxonomy":"product_cat","embeddable":true,"href":"https:\/\/natouraladventure.com\/it\/wp-json\/wp\/v2\/product_cat?post=5098"},{"taxonomy":"product_tag","embeddable":true,"href":"https:\/\/natouraladventure.com\/it\/wp-json\/wp\/v2\/product_tag?post=5098"}],"curies":[{"name":"wp","href":"https:\/\/api.w.org\/{rel}","templated":true}]}}