{"id":4091,"date":"2023-01-31T12:40:40","date_gmt":"2023-02-14T13:51:11","guid":{"rendered":"https:\/\/natouraladventure.com\/?post_type=product&#038;p=4091"},"modified":"2024-07-01T21:55:47","modified_gmt":"2024-07-01T20:55:47","slug":"ecotour-sud-selvaggio","status":"publish","type":"product","link":"https:\/\/natouraladventure.com\/it\/producto\/ecotour-sud-selvaggio\/","title":{"rendered":"Ecotour &#8220;Sud selvaggio&#8221;"},"content":{"rendered":"<p data-sourcepos=\"1:1-1:153\"><strong>Scopri la bellezza unica di Fuerteventura nella nostra emozionante escursione al Parco Naturale di Jand\u00eda e all&#8217;impressionante spiaggia di Cofete!<\/strong><\/p>\n<p data-sourcepos=\"3:1-3:122\">Immagina chilometri di sabbia dorata, accarezzati dalle acque cristalline dell&#8217;Oceano Atlantico con la spettacolare cornice delle cime di Jand\u00eda.<\/p>\n<p data-sourcepos=\"3:1-3:122\">Inizieremo la <strong>tua avventura<\/strong> venendo a prenderti al tuo alloggio all&#8217;ora stabilita. Da l\u00ec, ci dirigeremo verso il sud di <strong>Fuerteventura<\/strong>, dove si trova la pista sterrata che segna l&#8217;ingresso al <strong>Parco Naturale di Jand\u00eda<\/strong>, punto di partenza di questo emozionante percorso. Con un tragitto attraverso <strong>paesaggi mozzafiato<\/strong>, potrai ammirare la bellezza desertica e la biodiversit\u00e0 unica che questa zona dell&#8217;isola ti offre.<\/p>\n<p data-sourcepos=\"7:1-7:375\">Lungo il percorso, ci fermeremo in un <strong>belvedere<\/strong> dove potrai scattare foto mozzafiato del <strong>maestoso paesaggio<\/strong> che si aprir\u00e0 davanti ai tuoi occhi. Da l\u00ec, proseguiremo il nostro viaggio lungo una pista panoramica che ci condurr\u00e0 al piccolo ed enigmatico villaggio di <strong>Cofete<\/strong>. Questo villaggio, avvolto in un&#8217;atmosfera misteriosa, ti far\u00e0 sentire come se il tempo si fosse fermato, permettendoti di sperimentare l&#8217;autentica essenza di Fuerteventura.<\/p>\n<p data-sourcepos=\"9:1-9:271\">Arriveremo alla spiaggia dove ti aspettano 12 chilometri di sabbia dorata e un paesaggio spettacolare. Passeggia, rilassati, divertiti ed entra in contatto con questa <strong>meraviglia della natura<\/strong>. Cofete \u00e8 un paradiso naturale che ti lascer\u00e0 senza fiato fin dal primo momento.<\/p>\n<p data-sourcepos=\"11:1-11:322\">Dopo una pausa per riprendere le forze presso la caratteristica trattoria di Cofete, proseguiremo il nostro itinerario verso il faro di <strong>Punta Jand\u00eda<\/strong>. Situato all&#8217;estremit\u00e0 meridionale dell&#8217;isola, questo storico faro offre viste panoramiche spettacolari sul vasto <strong>Oceano Atlantico<\/strong> e sulla costa selvaggia di Fuerteventura.<\/p>\n<p data-sourcepos=\"13:1-13:208\">Dopo aver ammirato il paesaggio, scattato foto e respirato l&#8217;aria fresca dell&#8217;oceano, intraprenderemo il viaggio di ritorno, portando con noi l&#8217;essenza dell&#8217;oceano e i ricordi di una <strong>giornata indimenticabile.<\/strong><\/p>\n","protected":false},"excerpt":{"rendered":"<p>Visita il Parco Naturale di Jand\u00eda, scopri e goditi la spiaggia di Cofete, una delle migliori spiagge del mondo.<\/p>\n","protected":false},"featured_media":5131,"template":"","meta":{"_acf_changed":false},"product_brand":[],"product_cat":[57],"product_tag":[59],"class_list":{"0":"post-4091","1":"product","2":"type-product","3":"status-publish","4":"has-post-thumbnail","6":"product_cat-esperienze","7":"product_tag-facile","9":"first","10":"instock","11":"sold-individually","12":"shipping-taxable","13":"purchasable","14":"product-type-booking"},"acf":[],"_links":{"self":[{"href":"https:\/\/natouraladventure.com\/it\/wp-json\/wp\/v2\/product\/4091","targetHints":{"allow":["GET"]}}],"collection":[{"href":"https:\/\/natouraladventure.com\/it\/wp-json\/wp\/v2\/product"}],"about":[{"href":"https:\/\/natouraladventure.com\/it\/wp-json\/wp\/v2\/types\/product"}],"wp:featuredmedia":[{"embeddable":true,"href":"https:\/\/natouraladventure.com\/it\/wp-json\/wp\/v2\/media\/5131"}],"wp:attachment":[{"href":"https:\/\/natouraladventure.com\/it\/wp-json\/wp\/v2\/media?parent=4091"}],"wp:term":[{"taxonomy":"product_brand","embeddable":true,"href":"https:\/\/natouraladventure.com\/it\/wp-json\/wp\/v2\/product_brand?post=4091"},{"taxonomy":"product_cat","embeddable":true,"href":"https:\/\/natouraladventure.com\/it\/wp-json\/wp\/v2\/product_cat?post=4091"},{"taxonomy":"product_tag","embeddable":true,"href":"https:\/\/natouraladventure.com\/it\/wp-json\/wp\/v2\/product_tag?post=4091"}],"curies":[{"name":"wp","href":"https:\/\/api.w.org\/{rel}","templated":true}]}}