{"id":4074,"date":"2023-02-07T12:52:47","date_gmt":"2023-02-07T12:52:47","guid":{"rendered":"https:\/\/natouraladventure.com\/aventura\/ruta-de-senderismo-oreja-de-burro\/"},"modified":"2024-02-27T17:23:29","modified_gmt":"2024-02-27T17:23:29","slug":"ruta-de-senderismo-oreja-de-burro","status":"publish","type":"product","link":"https:\/\/natouraladventure.com\/it\/producto\/ruta-de-senderismo-oreja-de-burro\/","title":{"rendered":"Trekking &#8220;Oreja de Burro&#8221;- Pico de la Zarza"},"content":{"rendered":"<p>Questo camminata, di difficolt\u00e0 medio\/alta, vi dar\u00e0 l&#8217;opportunit\u00e0 di scoprire la natura e paesaggi da Fuerteventura, raggiungendo il punto pi\u00f9 alto dell&#8217;isola.<\/p>\n<p>Dopo essere venuti a prendervi all&#8217;ora stabilita, ci recheremo al punto di partenza di questo percorso che ci permette di salire al Pico de la Zarza.<\/p>\n<p>Conosciuto dai Majoreros come Oreja Burro, \u00e8 la montagna pi\u00f9 alta di Fuerteventura con i suoi 807 metri, situata nel sud dell&#8217;isola, all&#8217;interno del Parco Naturale di Jand\u00eda.<\/p>\n<p>Salendo sul versante sottovento troverete alcuni tratti ripidi, ma una volta raggiunta la cima, la vista spettacolare vi far\u00e0 dimenticare la stanchezza.<\/p>\n<p>Saremo sul tetto dell&#8217;isola, toccando il cielo con le mani e ai nostri piedi chilometri di spiagge selvagge.<\/p>\n<p>Dalla cima possiamo vedere l&#8217;arco di Jand\u00eda, con le sue pareti scoscese, resti di un antico edificio vulcanico, e le spiagge di Cofete e Barlovento.<\/p>\n<p>Dopo un po&#8217; di riposo e qualche foto, inizieremo il ritorno al punto di partenza, che si effettua lungo lo stesso sentiero.<\/p>\n<p>&nbsp;<\/p>\n<p>&nbsp;<\/p>\n<p>&nbsp;<\/p>\n<p>&nbsp;<\/p>\n","protected":false},"excerpt":{"rendered":"<p>Sali sulla montagna pi\u00f9 alta di Fuerteventura &#8220;Pico de la Zarza&#8221; e goditi viste impressionanti.<\/p>\n","protected":false},"featured_media":3198,"template":"","meta":{"_acf_changed":false},"product_brand":[],"product_cat":[58],"product_tag":[83],"class_list":{"0":"post-4074","1":"product","2":"type-product","3":"status-publish","4":"has-post-thumbnail","6":"product_cat-camminate","7":"product_tag-alta","9":"first","10":"instock","11":"sold-individually","12":"shipping-taxable","13":"purchasable","14":"product-type-booking"},"acf":[],"_links":{"self":[{"href":"https:\/\/natouraladventure.com\/it\/wp-json\/wp\/v2\/product\/4074","targetHints":{"allow":["GET"]}}],"collection":[{"href":"https:\/\/natouraladventure.com\/it\/wp-json\/wp\/v2\/product"}],"about":[{"href":"https:\/\/natouraladventure.com\/it\/wp-json\/wp\/v2\/types\/product"}],"wp:featuredmedia":[{"embeddable":true,"href":"https:\/\/natouraladventure.com\/it\/wp-json\/wp\/v2\/media\/3198"}],"wp:attachment":[{"href":"https:\/\/natouraladventure.com\/it\/wp-json\/wp\/v2\/media?parent=4074"}],"wp:term":[{"taxonomy":"product_brand","embeddable":true,"href":"https:\/\/natouraladventure.com\/it\/wp-json\/wp\/v2\/product_brand?post=4074"},{"taxonomy":"product_cat","embeddable":true,"href":"https:\/\/natouraladventure.com\/it\/wp-json\/wp\/v2\/product_cat?post=4074"},{"taxonomy":"product_tag","embeddable":true,"href":"https:\/\/natouraladventure.com\/it\/wp-json\/wp\/v2\/product_tag?post=4074"}],"curies":[{"name":"wp","href":"https:\/\/api.w.org\/{rel}","templated":true}]}}