{"id":3859,"date":"2022-05-16T10:24:44","date_gmt":"2022-05-16T09:24:44","guid":{"rendered":"https:\/\/natouraladventure.com\/aventura\/fuerteventura-entre-sabores-y-cultura\/"},"modified":"2024-06-01T18:33:10","modified_gmt":"2024-06-01T17:33:10","slug":"fuerteventura-entre-sabores-y-cultura","status":"publish","type":"product","link":"https:\/\/natouraladventure.com\/it\/producto\/fuerteventura-entre-sabores-y-cultura\/","title":{"rendered":"Assapora Fuerteventura"},"content":{"rendered":"<p>Benvenuti a un&#8217;esperienza unica e indimenticabile con il nostro tour culturale e gastronomico! Pensato per scoprire Fuerteventura in modo esclusivo e sostenibile, questa esperienza vi immerger\u00e0 nella ricchezza culturale e culinaria dell&#8217;isola, promuovendo un turismo responsabile e sostenendo l&#8217;economia locale.<\/p>\n<p>In questo tour, diamo priorit\u00e0 alla qualit\u00e0 delle proposte e dei luoghi da scoprire in un ambiente rilassato. Questo tour non solo delizier\u00e0 il vostro palato, ma anche la vostra anima, poich\u00e9 ogni tappa \u00e8 immersa nella ricca cultura e ospitalit\u00e0 di Fuerteventura. Scoprite l&#8217;autenticit\u00e0 delle sue tradizioni culinarie e ammirate la bellezza dei paesaggi locali: unitevi a noi in un&#8217;avventura che celebra l&#8217;essenza e il sapore di Fuerteventura!<\/p>\n<p>Dopo che saremo passati a prenderti al tuo alloggio\/punto di incontro, all&#8217;orario concordato, inizier\u00e0 questa esperienza unica ed esclusiva.<\/p>\n<p>Durante il tour, della durata di circa 6 ore, scoprirai Fuerteventura attraverso i suoi sapori unici. L&#8217;esperienza include tre fermate principali: una fattoria di capre, una cantina e un ristorante, ognuna offrendo un&#8217;immersione profonda nella cultura e gastronomia locale.<\/p>\n<p>**Prima fermata: La fattoria di capre**<br \/>\nAlla prima fermata, visiterai una fattoria di capre dove potrai conoscere da vicino il processo di produzione del famoso formaggio Majorero. Questo formaggio ha vinto numerosi premi per la sua qualit\u00e0 e gusto eccezionali. Qui, oltre a imparare le tecniche tradizionali di produzione del formaggio, potrai degustare diverse variet\u00e0, apprezzando la loro consistenza e sapore unici che riflettono il carattere dell&#8217;isola. A seconda della stagione, a<span style=\"font-family: -apple-system, BlinkMacSystemFont, 'Segoe UI', Roboto, Oxygen-Sans, Ubuntu, Cantarell, 'Helvetica Neue', sans-serif;\">vrai la fantastica opportunit\u00e0 di coccolare un dolce caprettino!<\/span><\/p>\n<div class=\"mt-1 flex gap-3 empty:hidden juice:-ml-3\">\n<div class=\"items-center justify-start rounded-xl p-1 flex\">\n<div class=\"flex items-center\">\n<div class=\"flex items-center pb-0.5 juice:pb-0\">\n<div class=\"[&amp;_svg]:h-full [&amp;_svg]:w-full icon-md h-4 w-4\"><span style=\"font-family: -apple-system, BlinkMacSystemFont, 'Segoe UI', Roboto, Oxygen-Sans, Ubuntu, Cantarell, 'Helvetica Neue', sans-serif;\">**Seconda fermata: La cantina**<\/span><\/div>\n<div class=\"[&amp;_svg]:h-full [&amp;_svg]:w-full icon-md h-4 w-4\"><span style=\"font-family: -apple-system, BlinkMacSystemFont, 'Segoe UI', Roboto, Oxygen-Sans, Ubuntu, Cantarell, 'Helvetica Neue', sans-serif;\">La seconda fermata ti porter\u00e0 a una cantina locale, dove scoprirai i segreti della viticoltura a Fuerteventura. Durante questa visita, ti verr\u00e0 offerta una degustazione di vini, permettendoti di assaggiare una selezione dei migliori vini della regione. Accompagnando il vino, proverai olio extra vergine di oliva (EVO) e pomodori freschi, rinomati per il loro sapore autentico e qualit\u00e0 eccezionale. Questa fermata non \u00e8 solo una festa per il palato, ma anche un&#8217;opportunit\u00e0 per conoscere la storia della vinificazione dell&#8217;isola e la passione dei viticoltori locali.<\/span><\/div>\n<\/div>\n<\/div>\n<\/div>\n<\/div>\n<p>**Terza fermata: Il ristorante**<br \/>\nLa terza e ultima fermata sar\u00e0 in un ristorante dove potrai godere di un&#8217;esperienza gastronomica unica. Qui, ti verranno servite cinque birre artigianali delle Canarie, ciascuna accompagnata da una tapa tipica di Fuerteventura. Questa degustazione ti permetter\u00e0 di esplorare la ricca variet\u00e0 di sapori e consistenze che la cucina locale offre. Le tapas, accuratamente selezionate, completeranno le birre, offrendoti un&#8217;esperienza culinaria completa che delizier\u00e0 tutti i tuoi sensi.<\/p>\n<p>Durante questo tour, non solo degusterai i sapori di Fuerteventura, ma ti immergerai anche nei suoi splendidi paesaggi, nella sua ricca storia e nella sua vibrante cultura. Questa esperienza ti permetter\u00e0 di conoscere l&#8217;isola in un modo diverso, utilizzando i tuoi cinque sensi per apprezzare pienamente tutto ci\u00f2 che Fuerteventura ha da offrire.<\/p>\n<p>&nbsp;<\/p>\n<p>.<\/p>\n","protected":false},"excerpt":{"rendered":"<p><span class=\"HwtZe\" lang=\"it\"><span class=\"jCAhz ChMk0b\"><span class=\"ryNqvb\">Scopri e assaggia i prodotti locali di Fuerteventura con la nostra esperienza esclusiva.<\/span><\/span><\/span><\/p>\n","protected":false},"featured_media":3333,"template":"","meta":{"_acf_changed":false},"product_brand":[],"product_cat":[57],"product_tag":[59],"class_list":{"0":"post-3859","1":"product","2":"type-product","3":"status-publish","4":"has-post-thumbnail","6":"product_cat-esperienze","7":"product_tag-facile","9":"first","10":"instock","11":"sold-individually","12":"shipping-taxable","13":"purchasable","14":"product-type-booking"},"acf":[],"_links":{"self":[{"href":"https:\/\/natouraladventure.com\/it\/wp-json\/wp\/v2\/product\/3859","targetHints":{"allow":["GET"]}}],"collection":[{"href":"https:\/\/natouraladventure.com\/it\/wp-json\/wp\/v2\/product"}],"about":[{"href":"https:\/\/natouraladventure.com\/it\/wp-json\/wp\/v2\/types\/product"}],"wp:featuredmedia":[{"embeddable":true,"href":"https:\/\/natouraladventure.com\/it\/wp-json\/wp\/v2\/media\/3333"}],"wp:attachment":[{"href":"https:\/\/natouraladventure.com\/it\/wp-json\/wp\/v2\/media?parent=3859"}],"wp:term":[{"taxonomy":"product_brand","embeddable":true,"href":"https:\/\/natouraladventure.com\/it\/wp-json\/wp\/v2\/product_brand?post=3859"},{"taxonomy":"product_cat","embeddable":true,"href":"https:\/\/natouraladventure.com\/it\/wp-json\/wp\/v2\/product_cat?post=3859"},{"taxonomy":"product_tag","embeddable":true,"href":"https:\/\/natouraladventure.com\/it\/wp-json\/wp\/v2\/product_tag?post=3859"}],"curies":[{"name":"wp","href":"https:\/\/api.w.org\/{rel}","templated":true}]}}