{"id":1702,"date":"2020-11-15T19:43:02","date_gmt":"2020-11-15T19:43:02","guid":{"rendered":"https:\/\/na.mnxonline.com\/aventura\/ruta-de-los-camellos\/"},"modified":"2024-06-24T20:16:54","modified_gmt":"2024-06-24T19:16:54","slug":"ruta-de-los-camellos","status":"publish","type":"product","link":"https:\/\/natouraladventure.com\/it\/producto\/ruta-de-los-camellos\/","title":{"rendered":"Vulcano Montagna Escanfraga"},"content":{"rendered":"<div class=\"avatar-gutter ng-tns-c324745430-52 ng-star-inserted\">\n<div class=\"resize-observable\"><strong style=\"font-family: -apple-system, BlinkMacSystemFont, 'Segoe UI', Roboto, Oxygen-Sans, Ubuntu, Cantarell, 'Helvetica Neue', sans-serif;\">Immergiti nella natura selvaggia di Fuerteventura: conquista il vulcano Monta\u00f1a Escanfraga<\/strong><\/div>\n<\/div>\n<div class=\"response-container-content ng-tns-c324745430-52\">\n<div class=\"response-content ng-tns-c324745430-52\">\n<div class=\"markdown markdown-main-panel\" dir=\"ltr\">\n<p>Parti per un&#8217;esperienza indimenticabile e entra in contatto con l&#8217;essenza selvaggia di Fuerteventura con questo percorso di trekking che ti porter\u00e0 a scoprire paesaggi vulcanici unici e viste panoramiche che ti lasceranno senza fiato.<\/p>\n<p>Inizieremo la <strong>tua avventura<\/strong> venendo a prenderti al tuo alloggio all&#8217;ora concordata per dirigerci verso il nord dell&#8217;isola, dove si trova il punto di partenza di questo percorso.<\/p>\n<p>Inizieremo l&#8217;escursione alla <strong>base del vulcano<\/strong>, seguendo un facile sentiero, utilizzato in passato dai contadini con i loro <strong>cammelli.<\/strong> Avanzando lungo il sentiero che attraversa la caldera, incontreremo un tratto leggermente ripido che ci porter\u00e0 in cima al vulcano <strong>Monta\u00f1a Escanfraga<\/strong>, il vulcano <strong>pi\u00f9 alto di Fuerteventura<\/strong>, con\u00a0 altezza di 533 metri.<\/p>\n<p>Preparati a sentire l&#8217;adrenalina della salita e la soddisfazione di raggiungere la cima, dove ti sembrer\u00e0 di toccare il cielo.<\/p>\n<p>Dalla vetta, ti attende uno <strong>spettacolo naturale<\/strong> senza pari: <strong>viste panoramiche mozzafiato<\/strong> di tutto il nord di Fuerteventura si apriranno davanti ai tuoi occhi, affascinandoti con la sua <strong>bellezza selvaggia<\/strong>. La Monta\u00f1a Escanfraga, che per molti anni \u00e8 stata il miglior punto di osservazione delle navi e dei possibili attacchi dei pirati, offre non solo un&#8217;opportunit\u00e0 di avventura, ma anche un viaggio nel passato geologico dell&#8217;isola. Questo vulcano, formatosi un milione di anni fa, \u00e8 stato testimone dell&#8217;attivit\u00e0 vulcanica che ha plasmato Fuerteventura e sulle sue pendici ci sono tracce dell&#8217;attivit\u00e0 agricola che si \u00e8 sviluppata sulle sue fertili terre grazie alle condizioni climatiche del cratere.<\/p>\n<p>Questo percorso \u00e8 un&#8217;esperienza unica per gli amanti della natura e delle escursioni, un&#8217;opportunit\u00e0 per entrare in contatto con <strong>l&#8217;essenza<\/strong> pi\u00f9 pura di Fuerteventura.<\/p>\n<\/div>\n<\/div>\n<\/div>\n","protected":false},"excerpt":{"rendered":"<p>Sali sul vulcano pi\u00f9 alto di Fuerteventura: Monta\u00f1a Escanfraga.<\/p>\n","protected":false},"featured_media":5066,"template":"","meta":{"_acf_changed":false},"product_brand":[],"product_cat":[58],"product_tag":[59],"class_list":{"0":"post-1702","1":"product","2":"type-product","3":"status-publish","4":"has-post-thumbnail","6":"product_cat-camminate","7":"product_tag-facile","9":"first","10":"instock","11":"sold-individually","12":"shipping-taxable","13":"purchasable","14":"product-type-booking"},"booking_location":"","booking_location_type":"","booking_duration":7,"booking_duration_unit":"hour","booking_buffer":0,"booking_cost":0,"booking_resources":[],"acf":[],"_links":{"self":[{"href":"https:\/\/natouraladventure.com\/it\/wp-json\/wp\/v2\/product\/1702","targetHints":{"allow":["GET"]}}],"collection":[{"href":"https:\/\/natouraladventure.com\/it\/wp-json\/wp\/v2\/product"}],"about":[{"href":"https:\/\/natouraladventure.com\/it\/wp-json\/wp\/v2\/types\/product"}],"wp:featuredmedia":[{"embeddable":true,"href":"https:\/\/natouraladventure.com\/it\/wp-json\/wp\/v2\/media\/5066"}],"wp:attachment":[{"href":"https:\/\/natouraladventure.com\/it\/wp-json\/wp\/v2\/media?parent=1702"}],"wp:term":[{"taxonomy":"product_brand","embeddable":true,"href":"https:\/\/natouraladventure.com\/it\/wp-json\/wp\/v2\/product_brand?post=1702"},{"taxonomy":"product_cat","embeddable":true,"href":"https:\/\/natouraladventure.com\/it\/wp-json\/wp\/v2\/product_cat?post=1702"},{"taxonomy":"product_tag","embeddable":true,"href":"https:\/\/natouraladventure.com\/it\/wp-json\/wp\/v2\/product_tag?post=1702"}],"curies":[{"name":"wp","href":"https:\/\/api.w.org\/{rel}","templated":true}]}}