{"id":2233,"date":"2021-01-26T17:47:28","date_gmt":"2021-01-26T17:47:28","guid":{"rendered":"https:\/\/na.mnxonline.com\/politica-medioambiental-y-de-turismo-sostenible\/"},"modified":"2021-01-26T17:47:28","modified_gmt":"2021-01-26T17:47:28","slug":"politica-medioambiental-y-de-turismo-sostenible","status":"publish","type":"page","link":"https:\/\/natouraladventure.com\/it\/politica-medioambiental-y-de-turismo-sostenible\/","title":{"rendered":"Pol\u00edtica medioambiental y de turismo sostenible"},"content":{"rendered":"\n<p>En NaTOURal Adventure estamos comprometidos con los esfuerzos de conservaci\u00f3n y protecci\u00f3n del medio ambiente.&nbsp; Durante nuestras experiencias hacemos todo lo posible para mantener el lugar tan intacto como lo encontramos e incluso hacerlo m\u00e1s limpio que antes.&nbsp;<\/p>\n\n\n\n<p>Pensamos que realizar una gesti\u00f3n sostenible de los recursos naturales y concienciar nuestros clientes sean f\u00f3rmulas para proteger el medio ambiente y al mismo tiempo mejorar la econom\u00eda local de la Isla.<\/p>\n\n\n\n<p><strong>NUESTRA VISI\u00d3N<\/strong><\/p>\n\n\n\n<p>Queremos que las experiencias sean especiales, proporcionando actividades que causen un impacto m\u00ednimo en el medio ambiente y, al mismo tiempo, respeten la cultura, la historia y la identidad de Fuerteventura.<\/p>\n\n\n\n<p>Creemos que el desarrollo tur\u00edstico deba fundamentarse sobre criterios de sostenibilidad, es decir ser soportable ecol\u00f3gicamente a largo plazo, viable econ\u00f3micamente y equitativo desde una perspectiva \u00e9tica y social para la sociedad local.<\/p>\n\n\n\n<p><strong>INFORMAMOS A NUESTROS CLIENTES SOBRE LOS SIGUIENTES TEMAS:<\/strong><\/p>\n\n\n\n<ul class=\"wp-block-list\"><li>Conectar con la naturaleza y su entorno.<\/li><\/ul>\n\n\n\n<ul class=\"wp-block-list\"><li>Disfrutar de los paisajes \u00fanicos, de las playas y miradores, sin olvidarse de llevarse los residuos.<\/li><\/ul>\n\n\n\n<ul class=\"wp-block-list\"><li>Evitar de salir de los senderos y seguir la se\u00f1alizaci\u00f3n. Nuestros espacios naturales son muy sensibles y hay que evitar de transitar fuera de los caminos marcados.<\/li><\/ul>\n\n\n\n<ul class=\"wp-block-list\"><li>El mejor recuerdo de un lugar se lleva en la memoria o en una foto. No recolectar materiales naturales, ni piedras, ni arena, ni conchas. Son pr\u00e1cticas muy perjudiciales para el medio ambiente.<\/li><\/ul>\n\n\n\n<ul class=\"wp-block-list\"><li>No arrancar la vegetaci\u00f3n. Fuerteventura tiene una flora \u00fanica en el mundo, pero es rara y est\u00e1 protegida por la ley.<\/li><\/ul>\n\n\n\n<ul class=\"wp-block-list\"><li>No amontonar piedras, ni construir monolitos, ni dibujar nombres con piedras. Visitar lugares singulares de la Isla sin dejar huellas, ni deteriorar el paisaje y su biodiversidad.&nbsp;<\/li><\/ul>\n\n\n\n<ul class=\"wp-block-list\"><li>No dar de comer a los animales, que se puedan encontrar, crea malos habitos en ellos.&nbsp; Hay especies invasoras que se est\u00e1n propagando muy r\u00e1pidamente y amenazan nuestro ecosistema natural, como las ardillas o los gatos asilvestrados.<\/li><\/ul>\n\n\n\n<ul class=\"wp-block-list\"><li>Si posible, recoger la \u201cbasuraleza\u201d que se puede encontrar por el camino.<\/li><\/ul>\n\n\n\n<ul class=\"wp-block-list\"><li>Intentar consumir alimentos producidos en Fuerteventura como nuestros quesos, carnes y productos agr\u00edcolas.<\/li><\/ul>\n\n\n\n<ul class=\"wp-block-list\"><li>Si posible, comprar artesan\u00eda elaborada por los artesanos de la isla.<\/li><\/ul>\n\n\n\n<ul class=\"wp-block-list\"><li>Intentar comer en los restaurantes y bares locales. La comida tiene una rotaci\u00f3n r\u00e1pida y normalmente utilizan productos locales de cultivo de Km0.<\/li><\/ul>\n\n\n\n<ul class=\"wp-block-list\"><li>Si se circula en veh\u00edculos, no hacerlo por fuera de los caminos habilitados. Los coches y motos pueden provocar da\u00f1os muy importantes sobre la flora, la fauna y el paisaje.<\/li><\/ul>\n\n\n\n<ul class=\"wp-block-list\"><li>No desperdiciar el agua. Apenas llueve en Fuerteventura. El agua potable se obtiene desalando agua de mar y este proceso es costoso. El agua es un recurso precioso y es importante utilizarla con moderaci\u00f3n.<\/li><\/ul>\n\n\n\n<ul class=\"wp-block-list\"><li>Evitar consumir energ\u00eda innecesariamente. La obtenci\u00f3n de energ\u00eda es cara y causa un grave impacto en el medio ambiente.<\/li><\/ul>\n","protected":false},"excerpt":{"rendered":"<p>En NaTOURal Adventure estamos comprometidos con los esfuerzos de conservaci\u00f3n y protecci\u00f3n del medio ambiente.&nbsp; Durante nuestras experiencias hacemos todo lo posible para mantener el lugar tan intacto como lo encontramos e incluso hacerlo m\u00e1s limpio que antes.&nbsp; Pensamos que realizar una gesti\u00f3n sostenible de los recursos naturales y concienciar nuestros clientes sean f\u00f3rmulas para [&hellip;]<\/p>\n","protected":false},"author":3,"featured_media":0,"parent":0,"menu_order":0,"comment_status":"closed","ping_status":"closed","template":"","meta":{"_acf_changed":false,"footnotes":""},"class_list":["post-2233","page","type-page","status-publish","hentry"],"acf":[],"_links":{"self":[{"href":"https:\/\/natouraladventure.com\/it\/wp-json\/wp\/v2\/pages\/2233","targetHints":{"allow":["GET"]}}],"collection":[{"href":"https:\/\/natouraladventure.com\/it\/wp-json\/wp\/v2\/pages"}],"about":[{"href":"https:\/\/natouraladventure.com\/it\/wp-json\/wp\/v2\/types\/page"}],"author":[{"embeddable":true,"href":"https:\/\/natouraladventure.com\/it\/wp-json\/wp\/v2\/users\/3"}],"replies":[{"embeddable":true,"href":"https:\/\/natouraladventure.com\/it\/wp-json\/wp\/v2\/comments?post=2233"}],"version-history":[{"count":0,"href":"https:\/\/natouraladventure.com\/it\/wp-json\/wp\/v2\/pages\/2233\/revisions"}],"wp:attachment":[{"href":"https:\/\/natouraladventure.com\/it\/wp-json\/wp\/v2\/media?parent=2233"}],"curies":[{"name":"wp","href":"https:\/\/api.w.org\/{rel}","templated":true}]}}