{"id":2225,"date":"2021-01-26T17:44:38","date_gmt":"2021-01-26T17:44:38","guid":{"rendered":"https:\/\/na.mnxonline.com\/aviso-legal\/"},"modified":"2023-04-26T05:55:19","modified_gmt":"2023-04-26T04:55:19","slug":"aviso-legal","status":"publish","type":"page","link":"https:\/\/natouraladventure.com\/it\/aviso-legal\/","title":{"rendered":"Aviso legal"},"content":{"rendered":"\n<p><strong>1. OBJETO Y ACEPTACI\u00d3N<\/strong><\/p>\n\n\n\n<p>El presente aviso legal regula el uso del sitio Web <a href=\"https:\/\/www.natouraladventure.com\">www.natouraladventure.com<\/a>, del que es titular y propietario Damiano Pregnolato.<\/p>\n\n\n\n<p>El usuario se obliga a hacer un uso correcto del sitio Web de conformidad con las leyes, la buena fe, el orden p\u00fablico, los usos del tr\u00e1fico y el presente Aviso Legal. El usuario responder\u00e1 frente a Damiano Pregnolato o frente a terceros, de cualesquiera da\u00f1os y perjuicios que pudieran causarse como consecuencia del incumplimiento de dicha obligaci\u00f3n.<\/p>\n\n\n\n<p><strong>2. DATOS IDENTIFICATIVOS<\/strong><\/p>\n\n\n\n<p>En cumplimiento con el deber de informaci\u00f3n recogido en art\u00edculo 10 de la Ley 34\/2002, de 11 de julio, de Servicios de la Sociedad de la Informaci\u00f3n y del Comercio Electr\u00f3nico le informa que:<\/p>\n\n\n\n<p>Titular del dominio web: Damiano Pregnolato<\/p>\n\n\n\n<p>Domicilio: Calle Marisco, n\u00ba7<\/p>\n\n\n\n<p>PUERTO DEL ROSARIO<\/p>\n\n\n\n<p>35600 LAS PALMAS<\/p>\n\n\n\n<p>N.I.F.: X9405637V<\/p>\n\n\n\n<p>Correo electr\u00f3nico: info@natouraladventure.com<\/p>\n\n\n\n<p>Tel\u00e9fono: +34 664849411<\/p>\n\n\n\n<p><strong>3. USUARIOS:<\/strong><\/p>\n\n\n\n<p>El acceso y\/o uso de este portal es gratuito y le atribuye la condici\u00f3n de USUARIO, que acepta, desde dicho acceso y\/o uso, todas y cada una de las disposiciones incluidas en este Aviso Legal y las Condiciones Generales de Uso aqu\u00ed reflejadas. Las citadas Condiciones ser\u00e1n de aplicaci\u00f3n independientemente de las Condiciones Generales de Contrataci\u00f3n que en su caso resulten de obligado cumplimiento.<\/p>\n\n\n\n<p><strong>4. USO DEL PORTAL:<\/strong><\/p>\n\n\n\n<p>www.natouraladventure.com proporciona el acceso a multitud de informaciones, servicios, programas o datos (en adelante, \u00ablos contenidos\u00bb) en Internet pertenecientes a NaTOURal Adventure o a sus licenciantes, a los que el USUARIO pueda tener acceso. El USUARIO asume la responsabilidad del uso del portal. Dicha responsabilidad se extiende al registro que fuese necesario para acceder a determinados servicios o contenidos. En dicho registro el USUARIO ser\u00e1 responsable de aportar informaci\u00f3n veraz y l\u00edcita. El USUARIO se compromete a hacer un uso adecuado de los contenidos y servicios que NaTOURal Adventure. ofrece a trav\u00e9s de su portal y con car\u00e1cter enunciativo pero no limitativo, a no emplearlos para:<\/p>\n\n\n\n<p>Incurrir en actividades il\u00edcitas, ilegales o contrarias a la buena fe y al orden p\u00fablico.<\/p>\n\n\n\n<ul class=\"wp-block-list\">\n<li>Difundir contenidos o propaganda de car\u00e1cter racista, xen\u00f3fobo, pornogr\u00e1fico-ilegal, de apolog\u00eda del terrorismo o atentatorio contra los derechos humanos.<\/li>\n\n\n\n<li>Provocar da\u00f1os en los sistemas f\u00edsicos y l\u00f3gicos de NaTOURal Adventure, de sus proveedores o de terceras personas, introducir o difundir en la red virus inform\u00e1ticos o cualesquiera otros sistemas f\u00edsicos o l\u00f3gicos que sean susceptibles de provocar los da\u00f1os anteriormente mencionados.<\/li>\n\n\n\n<li>Intentar acceder y, en su caso, utilizar las cuentas de correo electr\u00f3nico de otros usuarios y modificar o manipular sus mensajes.&nbsp;<\/li>\n<\/ul>\n\n\n\n<p>NaTOURal Adventure se reserva el derecho de retirar todos aquellos comentarios y aportaciones que vulneren el respeto a la dignidad de la persona, que sean discriminatorios, xen\u00f3fobos, racistas, pornogr\u00e1ficos, que atenten contra la juventud o la infancia, el orden o la seguridad p\u00fablica o que, a su juicio, no resultaran adecuados para su publicaci\u00f3n. En cualquier caso, NaTOURal Adventure. no ser\u00e1 responsable de las opiniones vertidas por los usuarios a trav\u00e9s de los foros, chats, u otras herramientas de participaci\u00f3n.<\/p>\n\n\n\n<p><strong>5. PROTECCI\u00d3N DE DATOS:<\/strong><\/p>\n\n\n\n<p>NaTOURal Adventure cumple con las directrices de la Ley Org\u00e1nica 15\/1999 de 13 de diciembre de Protecci\u00f3n de Datos de Car\u00e1cter Personal, el Real Decreto 1720\/2007 de 21 de diciembre por el que se aprueba el Reglamento de desarrollo de la Ley Org\u00e1nica y dem\u00e1s normativa vigente en cada momento, y vela por garantizar un correcto uso y tratamiento de los datos personales del usuario. Para ello, junto a cada formulario de recogida de datos de car\u00e1cter personal, en los servicios que el usuario pueda solicitar a NaTOURal Adventure., har\u00e1 saber al usuario de la existencia y aceptaci\u00f3n de las condiciones particulares del tratamiento de sus datos en cada caso, inform\u00e1ndole de la responsabilidad del fichero creado, la direcci\u00f3n del responsable, la posibilidad de ejercer sus derechos de acceso, rectificaci\u00f3n, cancelaci\u00f3n u oposici\u00f3n, la finalidad del tratamiento y las comunicaciones de datos a terceros en su caso. Asimismo, NaTOURal Adventure informa que da cumplimiento a la Ley 34\/2002 de 11 de julio, de Servicios de la Sociedad de la Informaci\u00f3n y el Comercio Electr\u00f3nico y le solicitar\u00e1 su consentimiento al tratamiento de su correo electr\u00f3nico para ofrecerle productos y servicios relacionados con los contratados y fidelizarle como cliente.<\/p>\n\n\n\n<p><strong>6. PROPIEDAD INTELECTUAL E INDUSTRIAL:<\/strong><\/p>\n\n\n\n<p>NaTOURal Adventure por s\u00ed o como cesionaria y sus colaboradores, son titulares de todos los derechos de propiedad intelectual e industrial de su p\u00e1gina web, as\u00ed como de los elementos contenidos en la misma (a t\u00edtulo enunciativo, im\u00e1genes, sonido, audio, v\u00eddeo, software o textos; marcas o logotipos, combinaciones de colores, estructura y dise\u00f1o, selecci\u00f3n de materiales usados, programas de ordenador necesarios para su funcionamiento, acceso y uso, etc.).Todos los derechos reservados. En virtud de lo dispuesto en los art\u00edculos 8 y 32.1, p\u00e1rrafo segundo, de la Ley de Propiedad Intelectual, quedan expresamente prohibidas la reproducci\u00f3n, la distribuci\u00f3n y la comunicaci\u00f3n p\u00fablica, incluida su modalidad de puesta a disposici\u00f3n, de la totalidad o parte de los contenidos de esta p\u00e1gina web, con fines comerciales, en cualquier soporte y por cualquier medio t\u00e9cnico, sin la autorizaci\u00f3n de NaTOURal Adventure. El USUARIO se compromete a respetar los derechos de Propiedad Intelectual e Industrial titularidad de NaTOURal Adventure. El USUARIO deber\u00e1 abstenerse de suprimir, alterar, eludir o manipular cualquier dispositivo de protecci\u00f3n o sistema de seguridad que estuviera instalado en el las p\u00e1ginas de NaTOURal Adventure.<\/p>\n\n\n\n<p><strong>7. EXCLUSI\u00d3N DE GARANT\u00cdAS Y RESPONSABILIDAD:&nbsp;<\/strong><\/p>\n\n\n\n<p>El contenido del presente sitio Web es de car\u00e1cter general y tiene una finalidad meramente informativa, sin que se garantice plenamente el acceso a todos los contenidos, ni su exhaustividad, correcci\u00f3n, vigencia o actualidad, ni su idoneidad o. NaTOURal Adventure excluye, hasta donde permite el ordenamiento jur\u00eddico, cualquier responsabilidad por los da\u00f1os y perjuicios de toda naturaleza derivados de:<\/p>\n\n\n\n<p>a) La imposibilidad de acceso al sitio Web o la falta de veracidad, exactitud, exhaustividad y\/o actualidad de los contenidos, as\u00ed como la existencia de vicios y defectos de toda clase de los contenidos transmitidos, difundidos, almacenados, puestos a disposici\u00f3n a los que se haya accedido a trav\u00e9s del sitio Web o de los servicios que se ofrecen.<\/p>\n\n\n\n<p>b) La presencia de virus o de otros elementos en los contenidos que puedan producir alteraciones en los sistemas inform\u00e1ticos, documentos electr\u00f3nicos o datos de los usuarios.<\/p>\n\n\n\n<p>c) El incumplimiento de las leyes, la buena fe, el orden p\u00fablico, los usos del tr\u00e1fico y el presente aviso legal como consecuencia del uso incorrecto del sitio Web. En particular, y a modo ejemplificativo, EL PROPIETARIO DE LA Web no se hace responsable de las actuaciones de terceros que vulneren derechos de propiedad intelectual e industrial, secretos empresariales, derechos al honor, a la intimidad personal y familiar y a la propia imagen, as\u00ed como la normativa en materia de competencia desleal y publicidad il\u00edcita.<\/p>\n\n\n\n<p>Asimismo, NaTOURal Adventure, declina cualquier responsabilidad respecto a la informaci\u00f3n que se halle fuera de esta Web y no sea gestionada directamente por nuestro webmaster. NaTOURal Adventure no garantiza, ni se responsabiliza del funcionamiento o accesibilidad de los sitios enlazados; ni sugiere, invita o recomienda la visita a los mismos, por lo que tampoco ser\u00e1 responsable del resultado obtenido.<\/p>\n\n\n\n<p><strong>8. MODIFICACIONES:<\/strong><\/p>\n\n\n\n<p>NaTOURal Adventure se reserva el derecho de efectuar sin previo aviso las modificaciones que considere oportunas en su portal, pudiendo cambiar, suprimir o a\u00f1adir tanto los contenidos y servicios que se presten a trav\u00e9s de la misma como la forma en la que \u00e9stos aparezcan presentados o localizados en su portal.<\/p>\n\n\n\n<p><strong>9. ENLACES:<\/strong><\/p>\n\n\n\n<p>En el caso de que en la p\u00e1gina web de NaTOURal Adventure se dispusiesen enlaces o hiperv\u00ednculos hac\u00eda otros sitios de Internet,&nbsp; NaTOURal Adventure no ejercer\u00e1 ning\u00fan tipo de control sobre dichos sitios y contenidos. En ning\u00fan NaTOURal Adventure asumir\u00e1 responsabilidad alguna por los contenidos de alg\u00fan enlace perteneciente a un sitio web ajeno, ni garantizar\u00e1 la disponibilidad t\u00e9cnica, calidad, fiabilidad, exactitud, amplitud, veracidad, validez y constitucionalidad de cualquier material o informaci\u00f3n contenida en ninguno de dichos hiperv\u00ednculos u otros sitios de Internet. Igualmente la inclusi\u00f3n de estas conexiones externas no implicar\u00e1 ning\u00fan tipo de asociaci\u00f3n, fusi\u00f3n o participaci\u00f3n con las entidades conectadas.<\/p>\n\n\n\n<p><strong>10. PROCEDIMIENTO EN CASO DE REALIZACI\u00d3N DE ACTIVIDADES DE CAR\u00c1CTER IL\u00cdCITO:<\/strong><\/p>\n\n\n\n<p>En el caso de que cualquier usuario o un tercero considere que existen hechos o circunstancias que revelen el car\u00e1cter il\u00edcito de la utilizaci\u00f3n de cualquier contenido y\/o de la realizaci\u00f3n de cualquier actividad en las p\u00e1ginas Web incluidas o accesibles a trav\u00e9s del sitio Web, deber\u00e1 enviar una notificaci\u00f3n a NaTOURal Adventure, identific\u00e1ndose debidamente, especificando las supuestas infracciones y declarando expresamente y bajo su responsabilidad que la informaci\u00f3n proporcionada en la notificaci\u00f3n es exacta.<\/p>\n\n\n\n<p>NaTOURal Adventure se reserva as\u00ed mismo la facultad de presentar las acciones civiles o penales que considere oportunas por la utilizaci\u00f3n indebida de sus p\u00e1ginas web y contenidos o incumplimiento de sus condiciones.<\/p>\n\n\n\n<p>Para toda cuesti\u00f3n litigiosa que incumba al sitio Web de NaTOURal Adventure, ser\u00e1 de aplicaci\u00f3n la legislaci\u00f3n espa\u00f1ola, siendo competentes los Juzgados y Tribunales de Puerto del Rosario, provincia de Las Palmas (Espa\u00f1a).<\/p>\n\n\n\n<p><strong>11. MODIFICACI\u00d3N DE LAS PRESENTES CONDICIONES Y DURACI\u00d3N:<\/strong><\/p>\n\n\n\n<p>NaTOURal Adventure podr\u00e1 modificar en cualquier momento las condiciones aqu\u00ed determinadas, siendo debidamente publicadas como aqu\u00ed aparecen. La vigencia de las citadas condiciones ir\u00e1 en funci\u00f3n de su exposici\u00f3n y estar\u00e1n vigentes hasta que sean modificadas por otras debidamente publicadas.<\/p>\n","protected":false},"excerpt":{"rendered":"<p>1. OBJETO Y ACEPTACI\u00d3N El presente aviso legal regula el uso del sitio Web www.natouraladventure.com, del que es titular y propietario Damiano Pregnolato. El usuario se obliga a hacer un uso correcto del sitio Web de conformidad con las leyes, la buena fe, el orden p\u00fablico, los usos del tr\u00e1fico y el presente Aviso Legal. [&hellip;]<\/p>\n","protected":false},"author":3,"featured_media":0,"parent":0,"menu_order":0,"comment_status":"closed","ping_status":"closed","template":"","meta":{"_acf_changed":false,"footnotes":""},"class_list":["post-2225","page","type-page","status-publish","hentry"],"acf":[],"_links":{"self":[{"href":"https:\/\/natouraladventure.com\/it\/wp-json\/wp\/v2\/pages\/2225","targetHints":{"allow":["GET"]}}],"collection":[{"href":"https:\/\/natouraladventure.com\/it\/wp-json\/wp\/v2\/pages"}],"about":[{"href":"https:\/\/natouraladventure.com\/it\/wp-json\/wp\/v2\/types\/page"}],"author":[{"embeddable":true,"href":"https:\/\/natouraladventure.com\/it\/wp-json\/wp\/v2\/users\/3"}],"replies":[{"embeddable":true,"href":"https:\/\/natouraladventure.com\/it\/wp-json\/wp\/v2\/comments?post=2225"}],"version-history":[{"count":2,"href":"https:\/\/natouraladventure.com\/it\/wp-json\/wp\/v2\/pages\/2225\/revisions"}],"predecessor-version":[{"id":4210,"href":"https:\/\/natouraladventure.com\/it\/wp-json\/wp\/v2\/pages\/2225\/revisions\/4210"}],"wp:attachment":[{"href":"https:\/\/natouraladventure.com\/it\/wp-json\/wp\/v2\/media?parent=2225"}],"curies":[{"name":"wp","href":"https:\/\/api.w.org\/{rel}","templated":true}]}}