{"id":2228,"date":"2021-01-26T17:46:19","date_gmt":"2021-01-26T17:46:19","guid":{"rendered":"https:\/\/na.mnxonline.com\/politicas-de-las-cookies\/"},"modified":"2021-01-26T17:46:19","modified_gmt":"2021-01-26T17:46:19","slug":"politicas-de-las-cookies","status":"publish","type":"page","link":"https:\/\/natouraladventure.com\/en\/politicas-de-las-cookies\/","title":{"rendered":"Pol\u00edticas de las cookies"},"content":{"rendered":"\n<p><strong>1.- \u00bfQu\u00e9 son las cookies?<\/strong><\/p>\n\n\n\n<p>Una cookie es un peque\u00f1o fichero de texto que se almacena en su navegador cuando visita nuestra p\u00e1gina web. Su utilidad es que la web sea capaz de recordar su visita cuando vuelva a navegar por esa p\u00e1gina. Las cookies suelen almacenar informaci\u00f3n de car\u00e1cter t\u00e9cnico, preferencias personales, personalizaci\u00f3n de contenidos, estad\u00edsticas de uso, enlaces a redes sociales, acceso a cuentas de usuario, etc. El objetivo de la cookie es adaptar el contenido de la web a su perfil y necesidades, sin cookies los servicios ofrecidos por cualquier p\u00e1gina se ver\u00edan mermados notablemente.. Estas cookies se asocian \u00fanicamente a un usuario an\u00f3nimo y su ordenador, y no proporcionan referencias que permitan identificar u obtener datos personales del usuario.<\/p>\n\n\n\n<p><strong>2.- \u00bfQu\u00e9 tipos de cookies utiliza esta p\u00e1gina web?<\/strong><\/p>\n\n\n\n<p>Siguiendo las directrices de la Agencia Espa\u00f1ola de Protecci\u00f3n de Datos procedemos a detallar el uso de&nbsp;<em>cookies<\/em>&nbsp;que hace esta web con el fin de informarle con la m\u00e1xima exactitud posible.<\/p>\n\n\n\n<p>Este sitio web utiliza:&nbsp;<\/p>\n\n\n\n<p><strong>Cookies propias<\/strong>:<\/p>\n\n\n\n<ul class=\"wp-block-list\"><li>Cookies de sesi\u00f3n, para garantizar que los usuarios que escriban comentarios en el blog sean humanos y no aplicaciones automatizadas. De esta forma se combate el&nbsp;<em>spam<\/em>.<\/li><\/ul>\n\n\n\n<p><strong>Cookies de terceros<\/strong>:<\/p>\n\n\n\n<ul class=\"wp-block-list\"><li>Google Analytics: Almacena&nbsp;<em>cookies<\/em>&nbsp;para poder elaborar estad\u00edsticas sobre el tr\u00e1fico y volumen de visitas de esta web. Al utilizar este sitio web est\u00e1 consintiendo el tratamiento de informaci\u00f3n acerca de usted por Google. Por tanto, el ejercicio de cualquier derecho en este sentido deber\u00e1 hacerlo comunicando directamente con Google.<\/li><li>Redes sociales: Cada red social utiliza sus propias&nbsp;<em>cookies<\/em>&nbsp;para que usted pueda pinchar en botones del tipo&nbsp;<em>Me gusta<\/em>&nbsp;o&nbsp;<em>Compartir<\/em>.<\/li><\/ul>\n\n\n\n<p><strong>Cookies de control:<\/strong>&nbsp;<\/p>\n\n\n\n<ul class=\"wp-block-list\"><li>son usadas, en combinaci\u00f3n con otros mecanismos de control, para gestionar la participaci\u00f3n en determinados servicios de nuestra web, como encuestas, concursos, o votaciones a noticias.<\/li><\/ul>\n\n\n\n<p><strong>3.- C\u00f3mo desactivar las cookies en su navegador<\/strong><\/p>\n\n\n\n<p>Usted puede permitir, bloquear o eliminar las cookies instaladas en su equipo mediante la configuraci\u00f3n de las opciones del navegador instalado en su ordenador. Tenga en cuenta que al bloquear o eliminar cookies no podr\u00e1 hacer uso de algunos servicios de nuestra web.<\/p>\n\n\n\n<p>El acceso a la configuraci\u00f3n de cookies de los principales navegadores se realiza a trav\u00e9s de los men\u00fas siguientes (puede variar seg\u00fan la versi\u00f3n o idioma de su navegador):<\/p>\n\n\n\n<p><strong>Internet Explorer<\/strong>:&nbsp;&nbsp;&nbsp; Herramientas \u2192 Opciones de Internet \u2192 Privacidad \u2192 Configuraci\u00f3n<\/p>\n\n\n\n<p><strong>Firefox:<\/strong>&nbsp;&nbsp;&nbsp; &nbsp;&nbsp;&nbsp; &nbsp;&nbsp;&nbsp; Herramientas \u2192 Opciones \u2192 Privacidad \u2192 Historial \u2192 Configuraci\u00f3n Personalizada<\/p>\n\n\n\n<p><strong>Chrome:<\/strong>&nbsp;&nbsp;&nbsp; &nbsp;&nbsp;&nbsp; Configuraci\u00f3n \u2192 Mostrar opciones avanzadas \u2192 Privacidad \u2192 Configuraci\u00f3n de contenido<\/p>\n\n\n\n<p><strong>Safari:<\/strong>&nbsp;&nbsp;&nbsp; &nbsp;&nbsp;&nbsp; &nbsp;&nbsp;&nbsp; Preferencias \u2192 Seguridad<\/p>\n\n\n\n<p>Para otros navegadores, o para mayor informaci\u00f3n, consulte las opciones de Ayuda del mismo o consulte con el servicio de soporte del desarrollador de su navegador.<\/p>\n\n\n\n<p><strong>4.- Consentimiento para el uso de cookies<\/strong><\/p>\n\n\n\n<p>Si sigue usted haciendo uso de nuestra p\u00e1gina sin modificar su configuraci\u00f3n, entendemos que presta su consentimiento para el uso de las cookies creadas por la misma. Puede usted revocar su consentimiento en cualquier momento, desactivando las cookies de nuestra web tal y como se indica en el apartado anterior. Esta revocaci\u00f3n del consentimiento puede impedir el uso de algunos servicios de nuestra web.<\/p>\n","protected":false},"excerpt":{"rendered":"<p>1.- \u00bfQu\u00e9 son las cookies? Una cookie es un peque\u00f1o fichero de texto que se almacena en su navegador cuando visita nuestra p\u00e1gina web. Su utilidad es que la web sea capaz de recordar su visita cuando vuelva a navegar por esa p\u00e1gina. Las cookies suelen almacenar informaci\u00f3n de car\u00e1cter t\u00e9cnico, preferencias personales, personalizaci\u00f3n de [&hellip;]<\/p>\n","protected":false},"author":3,"featured_media":0,"parent":0,"menu_order":0,"comment_status":"closed","ping_status":"closed","template":"","meta":{"_acf_changed":false,"footnotes":""},"class_list":["post-2228","page","type-page","status-publish","hentry"],"acf":[],"_links":{"self":[{"href":"https:\/\/natouraladventure.com\/en\/wp-json\/wp\/v2\/pages\/2228","targetHints":{"allow":["GET"]}}],"collection":[{"href":"https:\/\/natouraladventure.com\/en\/wp-json\/wp\/v2\/pages"}],"about":[{"href":"https:\/\/natouraladventure.com\/en\/wp-json\/wp\/v2\/types\/page"}],"author":[{"embeddable":true,"href":"https:\/\/natouraladventure.com\/en\/wp-json\/wp\/v2\/users\/3"}],"replies":[{"embeddable":true,"href":"https:\/\/natouraladventure.com\/en\/wp-json\/wp\/v2\/comments?post=2228"}],"version-history":[{"count":0,"href":"https:\/\/natouraladventure.com\/en\/wp-json\/wp\/v2\/pages\/2228\/revisions"}],"wp:attachment":[{"href":"https:\/\/natouraladventure.com\/en\/wp-json\/wp\/v2\/media?parent=2228"}],"curies":[{"name":"wp","href":"https:\/\/api.w.org\/{rel}","templated":true}]}}