{"id":2222,"date":"2021-01-26T17:41:36","date_gmt":"2021-01-26T17:41:36","guid":{"rendered":"https:\/\/na.mnxonline.com\/politica-de-privacidad\/"},"modified":"2021-01-26T17:41:36","modified_gmt":"2021-01-26T17:41:36","slug":"politica-de-privacidad","status":"publish","type":"page","link":"https:\/\/natouraladventure.com\/en\/politica-de-privacidad\/","title":{"rendered":"Pol\u00edtica de privacidad"},"content":{"rendered":"\n<p>NaTOURal Adventure con domicilio en Calle Marisco, n\u00ba7, Puerto del Rosario, Las Palmas, CP 35600, inscrita en registro tur\u00edstico de Canarias y representada por D.Damiano Pregnolato, con NIF X9405637V, mediante este aviso pone en conocimiento de los visitantes y usuarios de su sitio web www.natouraladventure.com (en adelante SITIO WEB), su pol\u00edtica de protecci\u00f3n y tratamiento de datos de car\u00e1cter personal.<\/p>\n\n\n\n<p>Esta Pol\u00edtica de Privacidad resulta aplicable al tratamiento de los datos personales que Vd. nos proporcione o que obtengamos de Usted cuando acceda y utilice los servicios del Sitio Web o cuando contrate determinados productos y servicios en NaTOURal Adventure.<\/p>\n\n\n\n<p>Le recomendamos que revise detenidamente nuestra Pol\u00edtica de Privacidad para asegurarse de que comprende c\u00f3mo se utilizar\u00e1n sus datos personales al navegar por el Sitio Web.<\/p>\n\n\n\n<p><strong>PROTECCI\u00d3N DE DATOS DE CAR\u00c1CTER PERSONAL<\/strong><\/p>\n\n\n\n<p>En el marco del cumplimiento de la legislaci\u00f3n vigente, recogido en el Reglamento (UE) 2019\/679 del Parlamento Europeo y del Consejo, de 27 de abril de 2016, relativo a la protecci\u00f3n de las personas f\u00edsicas en lo que respecta al tratamiento de datos personales y a la libre circulaci\u00f3n de estos datos (RGPD) y Ley Org\u00e1nica 3\/2018, de 5 de diciembre de Protecci\u00f3n de datos personales y garant\u00eda de derechos digitales (LOPDGDD), cuyo objeto es garantizar y proteger, en lo que concierne al tratamiento de los datos personales, las libertades y derechos fundamentales de las personas f\u00edsicas, y especialmente de su honor e intimidad personal, NaTOURal Adventure informa que:<\/p>\n\n\n\n<p><strong>1. PRINCIPIO DE INFORMACI\u00d3N<\/strong><\/p>\n\n\n\n<p>En cumplimiento de lo establecido en el Reglamento (UE) 2019\/679 del Parlamento&nbsp; europeo y del Consejo, de 27 de abril de 2016, relativo a la protecci\u00f3n de las personas f\u00edsicas en lo que respecta al tratamiento de datos personales y a la libre circulaci\u00f3n de estos datos (RGPD) y Ley Org\u00e1nica 3\/2018, de 5 de diciembre de Protecci\u00f3n de datos personales y garant\u00eda de derechos digitales (LOPDGDD), le informamos de modo expreso, preciso e inequ\u00edvoco que los datos facilitados por usted, a trav\u00e9s de los formularios dispuestos al efecto en nuestra p\u00e1gina web o en cualquier otro canal de recogida de los mismos, as\u00ed como los que se generen durante su relaci\u00f3n con nuestra entidad, ser\u00e1n objeto de tratamiento en los ficheros responsabilidad de NaTOURal Adventure, debidamente notificados en el Registro General de la Agencia Espa\u00f1ola de Protecci\u00f3n de Datos, con la finalidad del mantenimiento y cumplimiento de la relaci\u00f3n del destinatario del servicio con nuestra entidad y prestaci\u00f3n de servicios derivada de la misma.<\/p>\n\n\n\n<p>As\u00ed mismo, en cumplimiento de lo establecido en el citado Reglamento y en la LOPDGDD, le informamos que sus datos no ser\u00e1n utilizados con la finalidad de enviarle comunicaciones comerciales relacionadas con nuestra entidad a trav\u00e9s del tel\u00e9fono, correo postal ordinario, correo electr\u00f3nico o medios de comunicaci\u00f3n electr\u00f3nica equivalentes.<\/p>\n\n\n\n<p>De igual manera, le informamos que sus datos solo ser\u00e1n cedidos en aquellos casos en que sea necesario para el desarrollo, cumplimiento y control de la relaci\u00f3n del destinatario del servicio con nuestra entidad o en los supuestos en que lo autorice una norma con rango de ley y, en particular, cuando concurra uno de los supuestos siguientes:<\/p>\n\n\n\n<p>&nbsp;a) El tratamiento o la cesi\u00f3n tengan por objeto la satisfacci\u00f3n de un inter\u00e9s leg\u00edtimo del responsable del tratamiento o del cesionario amparado por dicha norma;&nbsp;<\/p>\n\n\n\n<p>b) El tratamiento o la cesi\u00f3n de los datos sean necesarios para que el responsable del tratamiento cumpla un deber que le imponga dicha norma.<\/p>\n\n\n\n<p><strong>2. PRINCIPIO DEL CONSENTIMIENTO<\/strong><\/p>\n\n\n\n<p>El consentimiento para el tratamiento de sus datos, con las finalidades descritas en el apartado anterior, se entender\u00e1 prestado en el mismo momento en el cual confirmar\u00e1n la adquisici\u00f3n de una de nuestras actividades en nuestra p\u00e1gina web.<\/p>\n\n\n\n<p><strong>3. CAR\u00c1CTER OBLIGATORIO DE LOS DATOS SOLICITADOS<\/strong><\/p>\n\n\n\n<p>La cumplimentaci\u00f3n de todos y cada uno de los campos que aparecen en los formularios dispuestos al efecto en nuestra p\u00e1gina web tiene car\u00e1cter obligatorio (en caso contrario, aparecer\u00e1n marcados con un asterisco los campos que tengan car\u00e1cter obligatorio). La negativa a facilitar sus datos llevar\u00eda aparejada la imposibilidad del mantenimiento y cumplimiento de la relaci\u00f3n del destinatario del servicio con nuestra entidad, ya que los mismos son necesarios para la prestaci\u00f3n de servicios derivada de la misma.<\/p>\n\n\n\n<p><strong>4. DATOS PERSONALES TRATADOS<\/strong><\/p>\n\n\n\n<ul class=\"wp-block-list\"><li>Para las finalidades establecidas en esta Pol\u00edtica de Privacidad, NaTOURal Adventure recaba y trata los datos personales que se detallan a continuaci\u00f3n, que depender\u00e1n de los diferentes servicios que solicite del Sitio Web:<\/li><li>Datos identificativos, nombre, apellidos.<\/li><li>Datos de contacto: direcci\u00f3n postal, correo electr\u00f3nico, n\u00famero de tel\u00e9fono fijo, n\u00famero de tel\u00e9fono m\u00f3vil.<\/li><li>Datos contractuales: Datos de operaciones contractuales, DNI, o pasaporte, productos y servicios adquiridos.<\/li><li>Datos navegaci\u00f3n: direcci\u00f3n IP, tipo e identificaci\u00f3n del dispositivo, tipo de navegador, dominio a trav\u00e9s del cual accede al sitio Web, datos de navegaci\u00f3n, actividad en el Sitio Web.<\/li><\/ul>\n\n\n\n<p><strong>5. D\u00d3NDE SE RECABAN LOS DATOS PERSONALES<\/strong><\/p>\n\n\n\n<p>NaTOURal Adventure recoge y trata los datos personales que Usted voluntariamente nos proporciona a trav\u00e9s de su interacci\u00f3n con nuestro Sitio Web, en concreto:<\/p>\n\n\n\n<ul class=\"wp-block-list\"><li>Al cumplimentar el formulario de solicitud de INFORMACI\u00d3N<\/li><li>Al cumplimentar el formulario de CONTACTO<\/li><li>Al mantener alguna conversaci\u00f3n telef\u00f3nica con NaTOURal Adventure.<\/li><li>Al contratar alg\u00fan producto o servicio en NaTOURal Adventure.<\/li><\/ul>\n\n\n\n<p>\u00danicamente estar\u00e1 obligado a proporcionar los datos personales que sean necesarios para que NaTOURal Adventure pueda prestarle los servicios o poner a su disposici\u00f3n las funcionalidades del Sitio Web que Usted haya solicitado.<\/p>\n\n\n\n<p>En los formularios disponibles en el Sitio Web se se\u00f1alar\u00e1n con un asterisco (*) los campos cuya cumplimentaci\u00f3n sea obligatoria. De no facilitar la totalidad de los datos obligatorios o si recibimos cualquier respuesta anormal o incorrecta, no podremos atender su solicitud o prestar el servicio o funcionalidad correspondiente.<\/p>\n\n\n\n<p>Usted garantiza y responde, en cualquier caso, de la veracidad, exactitud, vigencia y autenticidad de los datos personales proporcionados y se compromete a mantenerlos debidamente actualizados.<\/p>\n\n\n\n<p>Para navegar por el Sitio Web no es necesario que proporcione sus datos personales. Sin embargo, cuando visita nuestro sitio web, NaTOURal Adventure recaba la siguiente informaci\u00f3n, autom\u00e1ticamente y a trav\u00e9s de cookies y otras tecnolog\u00edas de seguimiento, seg\u00fan la configuraci\u00f3n espec\u00edfica de su navegador: direcci\u00f3n IP, localizaci\u00f3n, tipo e identificaci\u00f3n del dispositivo, tipo e idioma del navegador, dominio a trav\u00e9s del cual accede al Sitio Web, datos de navegaci\u00f3n, actividad en el Sitio Web. Para m\u00e1s informaci\u00f3n, puede consultar la Pol\u00edtica de cookies de este Sitio Web.<\/p>\n\n\n\n<p><strong>6. PRINCIPIO DE CALIDAD DE LOS DATOS<\/strong><\/p>\n\n\n\n<p>El destinatario del servicio ser\u00e1 el \u00fanico responsable de la veracidad y exactitud de los datos aportados, actuando NaTOURal Adventure de buena fe, como mero prestador del servicio.<\/p>\n\n\n\n<p>En el supuesto de que el destinatario del servicio facilite datos falsos o de terceras personas sin mediar su consentimiento para ello, responder\u00e1 personalmente frente a NaTOURal Adventure, los afectados o interesados, Agencia Espa\u00f1ola de Protecci\u00f3n de Datos y, en su caso, autoridades auton\u00f3micas de protecci\u00f3n de datos, de las responsabilidades derivadas de dicha circunstancia.<\/p>\n\n\n\n<p>Con la finalidad de dar cumplimiento a lo establecido en la LOPDGDD, el destinatario del servicio se compromete a comunicar a NaTOURal Adventure los cambios que se produzcan en sus datos, de forma que respondan con veracidad a su situaci\u00f3n actual en todo momento.<\/p>\n\n\n\n<p><strong>7. PRINCIPIO DE SEGURIDAD DE LOS DATOS<\/strong><\/p>\n\n\n\n<p>NaTOURal Adventure se compromete al cumplimiento de su obligaci\u00f3n de secreto respecto de los datos de car\u00e1cter personal y de su deber de guardarlos y adoptar\u00e1 todas las medidas de \u00edndole t\u00e9cnica y organizativa necesarias que garanticen la seguridad de los datos de car\u00e1cter personal y eviten su alteraci\u00f3n, p\u00e9rdida, tratamiento o acceso no autorizado, habida cuenta del estado de la tecnolog\u00eda, la naturaleza de los datos almacenados y los riesgos a que est\u00e9n expuestos, ya provengan de la acci\u00f3n humana o del medio f\u00edsico o natural, desarrolladas en la LOPDGDD<\/p>\n\n\n\n<p><strong>8. EJERCICIO DE DERECHOS<\/strong><\/p>\n\n\n\n<p>En cumplimiento de lo establecido en la LOPDGDD, por el que se aprueba el Reglamento de desarrollo de la misma, el destinatario del servicio puede ejercitar, en cualquier momento, sus derechos.<\/p>\n\n\n\n<p>Estos derechos son los siguientes:<\/p>\n\n\n\n<p><strong>Derecho de informaci\u00f3n:&nbsp;<\/strong><\/p>\n\n\n\n<ul class=\"wp-block-list\"><li>Usted tiene derecho a ser informado de manera concisa, transparente, inteligible y de f\u00e1cil acceso, con un lenguaje claro y sencillo, sobre la utilizaci\u00f3n y tratamiento de sus datos personales.<\/li><\/ul>\n\n\n\n<p><strong>Derecho de acceso:&nbsp;<\/strong><\/p>\n\n\n\n<ul class=\"wp-block-list\"><li>Usted tiene derecho a solicitarnos en cualquier momento que le confirmemos si estamos tratando sus datos personales, a que le facilitemos acceso a los mismos y a la informaci\u00f3n sobre su tratamiento y a obtener una copia de dichos datos. La copia de sus datos personales que le facilitemos ser\u00e1 gratuita si bien la solicitud de copias adicionales podr\u00e1 estar sujeta al cobro de una cantidad razonable basada en los costes administrativos. Por nuestra parte, podremos pedirle que acredite su identidad o requerirle m\u00e1s informaci\u00f3n que sea necesaria para gestionar su solicitud.<\/li><\/ul>\n\n\n\n<p><strong>Derecho de rectificaci\u00f3n:<\/strong><\/p>\n\n\n\n<ul class=\"wp-block-list\"><li>Usted tiene derecho a solicitar la rectificaci\u00f3n de los datos personales inexactos, no actualizados o incompletos que le conciernan. Tambi\u00e9n podr\u00e1 solicitar que se completen los datos personales que sean incompletos, inclusive mediante una declaraci\u00f3n adicional.<\/li><\/ul>\n\n\n\n<p><strong>Derecho de supresi\u00f3n:<\/strong><\/p>\n\n\n\n<ul class=\"wp-block-list\"><li>Usted tiene derecho a solicitar la supresi\u00f3n de sus datos personales cuando, entre otros motivos, los datos ya no sean necesarios para los fines para los que fueran recogidos. No obstante, este derecho no es absoluto de manera que NaTOURal Adventure podr\u00e1 seguir manteni\u00e9ndolos debidamente bloqueados en los supuestos previstos por la normativa aplicable.<\/li><\/ul>\n\n\n\n<p><strong>Derecho a limitar el tratamiento:<\/strong><\/p>\n\n\n\n<ul class=\"wp-block-list\"><li>Usted tiene derecho a solicitar que limitemos el tratamiento de sus datos personales lo que significa que podremos seguir almacen\u00e1ndolos, pero no seguir trat\u00e1ndolos si se cumple alguna de las siguientes condiciones:<\/li><\/ul>\n\n\n\n<p>a) Que Usted impugne la exactitud de los datos, durante un plazo que permita al responsable verificar la exactitud de los mismos.<\/p>\n\n\n\n<p>b) Que el tratamiento sea il\u00edcito y Usted se oponga a la supresi\u00f3n de los datos y solicite en su lugar la limitaci\u00f3n de su uso.<\/p>\n\n\n\n<p>c) Que NaTOURal Adventure ya no necesite los datos para los fines del tratamiento, pero Usted los necesite para la formulaci\u00f3n, el ejercicio o la defensa de reclamaciones.<\/p>\n\n\n\n<p>d) Que Usted se haya opuesto al tratamiento, mientras se verifica si los motivos leg\u00edtimos de NaTOURal Adventure prevalecen sobre los suyos.<\/p>\n\n\n\n<p><strong>Derecho a la portabilidad de los datos:&nbsp;<\/strong><\/p>\n\n\n\n<ul class=\"wp-block-list\"><li>Usted tiene derecho a que sus datos sean transmitidos a otro responsable del tratamiento en un formato estructurado, de uso com\u00fan y lectura mec\u00e1nica. Este derecho se aplica cuando el tratamiento de sus datos personales est\u00e9 basado en el consentimiento o en la ejecuci\u00f3n de un contrato y dicho tratamiento se efect\u00fae por medios automatizados.<\/li><\/ul>\n\n\n\n<p><strong>Derecho de oposici\u00f3n:&nbsp;<\/strong><\/p>\n\n\n\n<ul class=\"wp-block-list\"><li>Este derecho le permite oponerse al tratamiento de sus datos personales, incluida la elaboraci\u00f3n de perfiles. No podremos atender a su derecho \u00fanicamente cuando tratemos sus datos en el caso de que acreditemos motivos leg\u00edtimos para el tratamiento o para la formulaci\u00f3n, el ejercicio o la defensa de reclamaciones.<\/li><\/ul>\n\n\n\n<p><strong>Derecho a no someterse a decisiones automatizadas, incluidos perfiles:<\/strong><\/p>\n\n\n\n<ul class=\"wp-block-list\"><li>Este derecho le permite no ser objeto de una decisi\u00f3n basada \u00fanicamente en el tratamiento automatizado, incluida la elaboraci\u00f3n de perfiles, que produzcan -dichas decisiones- efectos jur\u00eddicos o le afecten de modo similar. Salvo que dicha decisi\u00f3n sea necesaria para la celebraci\u00f3n o ejecuci\u00f3n de un contrato, est\u00e9 autorizada por una ley o se base en el consentimiento.<\/li><\/ul>\n\n\n\n<p><strong>Derecho a retirar el consentimiento:<\/strong><\/p>\n\n\n\n<ul class=\"wp-block-list\"><li>En los casos en los que hayamos obtenido su consentimiento para el tratamiento de sus datos personales en relaci\u00f3n con determinadas actividades (por ejemplo, con el fin de enviarle comunicaciones comerciales), podr\u00e1 retirarlo en cualquier momento. De esta forma, dejaremos de realizar esa actividad concreta para la que hab\u00eda consentido previamente, salvo que exista otra raz\u00f3n que justifique la continuidad del tratamiento de sus datos con estos fines, en cuyo caso, le notificaremos dicha situaci\u00f3n.<\/li><\/ul>\n\n\n\n<p><strong>Derecho a presentar una reclamaci\u00f3n ante una autoridad nacional de control:&nbsp;<\/strong><\/p>\n\n\n\n<ul class=\"wp-block-list\"><li>Si considera que no ha obtenido satisfacci\u00f3n plena en el ejercicio de sus derechos, Usted tiene derecho a presentar una reclamaci\u00f3n ante la Agencia Espa\u00f1ola de Protecci\u00f3n de Datos, C\/ Jorge Juan, 6, 28001 Madrid<\/li><\/ul>\n\n\n\n<p>Podr\u00e1 ejercitar los derechos antes indicados, envi\u00e1ndonos una comunicaci\u00f3n a la Calle Marisco,n\u00ba7,35600, Puerto del Rosario, Las Palmas, o a la direcci\u00f3n electr\u00f3nica dapre69@gmail.com acompa\u00f1ando un documento acreditativo de su identidad y proporcionando los detalles necesarios para procesar su solicitud.<\/p>\n\n\n\n<p><strong>9. RESPONSABLE DEL FICHERO O DEL TRATAMIENTO<\/strong><\/p>\n\n\n\n<p>El responsable del tratamiento es la persona jur\u00eddica que determina los fines y medios del tratamiento de datos personales.<\/p>\n\n\n\n<p>A los efectos de la presente Pol\u00edtica de Privacidad, el responsable del tratamiento de los datos personales es:<\/p>\n\n\n\n<p>Identidad: NATOURAL ADVENTURE &#8211; NIF: X9405637V&nbsp;&nbsp;<\/p>\n\n\n\n<p>Direcci\u00f3n postal: CALLE MARISCO NUMERO 7<\/p>\n\n\n\n<p>Tel\u00e9fono: +34 664849411&nbsp;<\/p>\n\n\n\n<p>Correo electr\u00f3nico: DAPRE69@GMAIL.COM<\/p>\n","protected":false},"excerpt":{"rendered":"<p>NaTOURal Adventure con domicilio en Calle Marisco, n\u00ba7, Puerto del Rosario, Las Palmas, CP 35600, inscrita en registro tur\u00edstico de Canarias y representada por D.Damiano Pregnolato, con NIF X9405637V, mediante este aviso pone en conocimiento de los visitantes y usuarios de su sitio web www.natouraladventure.com (en adelante SITIO WEB), su pol\u00edtica de protecci\u00f3n y tratamiento [&hellip;]<\/p>\n","protected":false},"author":3,"featured_media":0,"parent":0,"menu_order":0,"comment_status":"closed","ping_status":"closed","template":"","meta":{"_acf_changed":false,"footnotes":""},"class_list":["post-2222","page","type-page","status-publish","hentry"],"acf":[],"_links":{"self":[{"href":"https:\/\/natouraladventure.com\/en\/wp-json\/wp\/v2\/pages\/2222","targetHints":{"allow":["GET"]}}],"collection":[{"href":"https:\/\/natouraladventure.com\/en\/wp-json\/wp\/v2\/pages"}],"about":[{"href":"https:\/\/natouraladventure.com\/en\/wp-json\/wp\/v2\/types\/page"}],"author":[{"embeddable":true,"href":"https:\/\/natouraladventure.com\/en\/wp-json\/wp\/v2\/users\/3"}],"replies":[{"embeddable":true,"href":"https:\/\/natouraladventure.com\/en\/wp-json\/wp\/v2\/comments?post=2222"}],"version-history":[{"count":0,"href":"https:\/\/natouraladventure.com\/en\/wp-json\/wp\/v2\/pages\/2222\/revisions"}],"wp:attachment":[{"href":"https:\/\/natouraladventure.com\/en\/wp-json\/wp\/v2\/media?parent=2222"}],"curies":[{"name":"wp","href":"https:\/\/api.w.org\/{rel}","templated":true}]}}